{"id":376,"date":"2024-12-09T23:40:27","date_gmt":"2024-12-09T23:40:27","guid":{"rendered":"https:\/\/monkeydesign.es\/?post_type=product&#038;p=376"},"modified":"2024-12-24T14:20:50","modified_gmt":"2024-12-24T14:20:50","slug":"etiquetas-escolares-2","status":"publish","type":"product","link":"https:\/\/monkeydesign.es\/en\/product\/etiquetas-escolares-2\/","title":{"rendered":"Etiquetas Escolares"},"content":{"rendered":"<p>Las etiquetas escolares de Monkey Design son una excelente soluci\u00f3n para organizar los materiales de los estudiantes. Con materiales duraderos y personalizaci\u00f3n completa, nuestras etiquetas son ideales para libros, mochilas y m\u00e1s. Nos encargamos de la impresi\u00f3n y entrega para que puedas mantener todo en orden con etiquetas claras, resistentes y f\u00e1ciles de aplicar.<\/p>","protected":false},"excerpt":{"rendered":"<p>Las etiquetas escolares personalizadas de Monkey Design son perfectas para mantener organizados los materiales. Ofrecemos impresi\u00f3n de alta calidad y facilidad de aplicaci\u00f3n.<\/p>","protected":false},"featured_media":182,"comment_status":"open","ping_status":"closed","template":"","meta":{"_et_pb_use_builder":"","_et_pb_old_content":"","_et_gb_content_width":"","_joinchat":[]},"product_brand":[],"product_cat":[25],"product_tag":[],"class_list":{"0":"post-376","1":"product","2":"type-product","3":"status-publish","4":"has-post-thumbnail","6":"product_cat-etiquetas","8":"first","9":"instock","10":"shipping-taxable","11":"product-type-simple"},"_links":{"self":[{"href":"https:\/\/monkeydesign.es\/en\/wp-json\/wp\/v2\/product\/376","targetHints":{"allow":["GET"]}}],"collection":[{"href":"https:\/\/monkeydesign.es\/en\/wp-json\/wp\/v2\/product"}],"about":[{"href":"https:\/\/monkeydesign.es\/en\/wp-json\/wp\/v2\/types\/product"}],"replies":[{"embeddable":true,"href":"https:\/\/monkeydesign.es\/en\/wp-json\/wp\/v2\/comments?post=376"}],"wp:featuredmedia":[{"embeddable":true,"href":"https:\/\/monkeydesign.es\/en\/wp-json\/wp\/v2\/media\/182"}],"wp:attachment":[{"href":"https:\/\/monkeydesign.es\/en\/wp-json\/wp\/v2\/media?parent=376"}],"wp:term":[{"taxonomy":"product_brand","embeddable":true,"href":"https:\/\/monkeydesign.es\/en\/wp-json\/wp\/v2\/product_brand?post=376"},{"taxonomy":"product_cat","embeddable":true,"href":"https:\/\/monkeydesign.es\/en\/wp-json\/wp\/v2\/product_cat?post=376"},{"taxonomy":"product_tag","embeddable":true,"href":"https:\/\/monkeydesign.es\/en\/wp-json\/wp\/v2\/product_tag?post=376"}],"curies":[{"name":"wp","href":"https:\/\/api.w.org\/{rel}","templated":true}]}}